{"id":25,"date":"2017-09-10T14:44:32","date_gmt":"2017-09-10T14:44:32","guid":{"rendered":"http:\/\/xn--vrdfiske-9za.fi\/?page_id=25"},"modified":"2021-04-01T16:17:42","modified_gmt":"2021-04-01T14:17:42","slug":"foto-och-video","status":"publish","type":"page","link":"https:\/\/xn--vrdfiske-9za.fi\/?page_id=25","title":{"rendered":"Foto och Video"},"content":{"rendered":"<p><img loading=\"lazy\" decoding=\"async\" class=\"aligncenter wp-image-46\" src=\"https:\/\/xn--vrdfiske-9za.fi\/wp-content\/uploads\/2017\/09\/Aulis_Arto_1995_3-300x202.jpg\" alt=\"V\u00e5rdfiske\" width=\"500\" height=\"337\" srcset=\"https:\/\/xn--vrdfiske-9za.fi\/wp-content\/uploads\/2017\/09\/Aulis_Arto_1995_3-300x202.jpg 300w, https:\/\/xn--vrdfiske-9za.fi\/wp-content\/uploads\/2017\/09\/Aulis_Arto_1995_3-768x518.jpg 768w, https:\/\/xn--vrdfiske-9za.fi\/wp-content\/uploads\/2017\/09\/Aulis_Arto_1995_3-1024x691.jpg 1024w\" sizes=\"auto, (max-width: 500px) 100vw, 500px\" \/><\/p>\n<p style=\"text-align: center;\">Unga fiskare 1995. N\u00e4r v\u00e5r arbete inom v\u00e5rdfisket var i b\u00f6rjan, var f\u00e5ngsten d\u00e5, ungef\u00e4r 100 000 kg. \u00a0Aulis Kiiskil\u00e4 till v\u00e4nster, Arto Hautala till h\u00f6ger. Pressfoto.<\/p>\n<hr \/>\n<p><img loading=\"lazy\" decoding=\"async\" class=\"aligncenter wp-image-30\" src=\"https:\/\/xn--vrdfiske-9za.fi\/wp-content\/uploads\/2017\/09\/KolmeKalastajaa-300x199.jpg\" alt=\"v\u00e5rdfiske\" width=\"519\" height=\"344\" srcset=\"https:\/\/xn--vrdfiske-9za.fi\/wp-content\/uploads\/2017\/09\/KolmeKalastajaa-300x199.jpg 300w, https:\/\/xn--vrdfiske-9za.fi\/wp-content\/uploads\/2017\/09\/KolmeKalastajaa-768x510.jpg 768w, https:\/\/xn--vrdfiske-9za.fi\/wp-content\/uploads\/2017\/09\/KolmeKalastajaa-1024x680.jpg 1024w, https:\/\/xn--vrdfiske-9za.fi\/wp-content\/uploads\/2017\/09\/KolmeKalastajaa-1200x797.jpg 1200w\" sizes=\"auto, (max-width: 519px) 100vw, 519px\" \/><\/p>\n<p style=\"text-align: center;\">20 \u00e5r och 3 miljon vitfisk -kilo senare i Finjasj\u00f6n \u00e5r 2015. Aulis till v\u00e4nster, i mitten v\u00e5r fiskev\u00e4n Claes Albrechtsson fr\u00e5n H\u00e4ssleholm, Arto till h\u00f6ger. Foto Bertil P\u00e5hlsson.<\/p>\n<hr \/>\n<p><img loading=\"lazy\" decoding=\"async\" class=\"wp-image-210 aligncenter\" src=\"https:\/\/xn--vrdfiske-9za.fi\/wp-content\/uploads\/2019\/03\/kalastuskohteet2-286x300.png\" alt=\"\" width=\"641\" height=\"672\" srcset=\"https:\/\/xn--vrdfiske-9za.fi\/wp-content\/uploads\/2019\/03\/kalastuskohteet2-286x300.png 286w, https:\/\/xn--vrdfiske-9za.fi\/wp-content\/uploads\/2019\/03\/kalastuskohteet2.png 740w\" sizes=\"auto, (max-width: 641px) 100vw, 641px\" \/><\/p>\n<p style=\"text-align: center;\">Vi har utfiskat vitfisk i \u00f6ver 200 sj\u00f6ar i Finland, Sverige, Norge och Estland. H\u00e4r \u00e4r n\u00e5gra av dem.<\/p>\n<hr \/>\n<p>&nbsp;<\/p>\n<p><img loading=\"lazy\" decoding=\"async\" class=\"aligncenter wp-image-48\" src=\"https:\/\/xn--vrdfiske-9za.fi\/wp-content\/uploads\/2017\/09\/P9250145-225x300.jpg\" alt=\"v\u00e5rdfiske\" width=\"349\" height=\"465\" srcset=\"https:\/\/xn--vrdfiske-9za.fi\/wp-content\/uploads\/2017\/09\/P9250145-225x300.jpg 225w, https:\/\/xn--vrdfiske-9za.fi\/wp-content\/uploads\/2017\/09\/P9250145-768x1024.jpg 768w, https:\/\/xn--vrdfiske-9za.fi\/wp-content\/uploads\/2017\/09\/P9250145.jpg 1440w\" sizes=\"auto, (max-width: 349px) 100vw, 349px\" \/><\/p>\n<p style=\"text-align: center;\">5000 kg notf\u00e5ngst lastad i tv\u00e5 b\u00e5tar. Lyckligtvis \u00e4r det lugnt! Foto fr\u00e5n Karhij\u00e4rvi Finland p\u00e5 h\u00f6sten 2016.<\/p>\n<hr \/>\n<p><img loading=\"lazy\" decoding=\"async\" class=\"aligncenter wp-image-37\" src=\"https:\/\/xn--vrdfiske-9za.fi\/wp-content\/uploads\/2017\/09\/PA140163-300x225.jpg\" alt=\"v\u00e5rdfiske\" width=\"416\" height=\"312\" srcset=\"https:\/\/xn--vrdfiske-9za.fi\/wp-content\/uploads\/2017\/09\/PA140163-300x225.jpg 300w, https:\/\/xn--vrdfiske-9za.fi\/wp-content\/uploads\/2017\/09\/PA140163-768x576.jpg 768w, https:\/\/xn--vrdfiske-9za.fi\/wp-content\/uploads\/2017\/09\/PA140163-1024x768.jpg 1024w, https:\/\/xn--vrdfiske-9za.fi\/wp-content\/uploads\/2017\/09\/PA140163-1200x900.jpg 1200w, https:\/\/xn--vrdfiske-9za.fi\/wp-content\/uploads\/2017\/09\/PA140163.jpg 1920w\" sizes=\"auto, (max-width: 416px) 100vw, 416px\" \/><\/p>\n<p style=\"text-align: center;\">En djup lastv\u00e4xlarcontainer \u00e4r kanske det snabbaste s\u00e4ttet att flytta stora f\u00e5ngster. 5000-10000 kg per dag \u00e4r en ganska normal f\u00e5ngstniv\u00e5 i stora sj\u00f6ar.<\/p>\n<hr \/>\n<p><img loading=\"lazy\" decoding=\"async\" class=\"aligncenter wp-image-33\" src=\"https:\/\/xn--vrdfiske-9za.fi\/wp-content\/uploads\/2017\/09\/Ekogrammi-300x63.jpg\" alt=\"v\u00e5rdfiske\" width=\"971\" height=\"204\" srcset=\"https:\/\/xn--vrdfiske-9za.fi\/wp-content\/uploads\/2017\/09\/Ekogrammi-300x63.jpg 300w, https:\/\/xn--vrdfiske-9za.fi\/wp-content\/uploads\/2017\/09\/Ekogrammi-768x162.jpg 768w, https:\/\/xn--vrdfiske-9za.fi\/wp-content\/uploads\/2017\/09\/Ekogrammi-1024x216.jpg 1024w, https:\/\/xn--vrdfiske-9za.fi\/wp-content\/uploads\/2017\/09\/Ekogrammi-1200x253.jpg 1200w, https:\/\/xn--vrdfiske-9za.fi\/wp-content\/uploads\/2017\/09\/Ekogrammi.jpg 1317w\" sizes=\"auto, (max-width: 971px) 100vw, 971px\" \/><\/p>\n<p style=\"text-align: center;\">Ekolod sk\u00e4rm n\u00e4r det finns ca 2000 kg fisk per hektar. L\u00e4ngden av den lodade linjen \u00e4r ca 1,5 km. Den gul-r\u00f6d massan mellan ytan och botten \u00e4r allt vitfisk! Vid en punkt \u00e4r det mindre fisk, d\u00e5 vi drog not d\u00e4rifr\u00e5n 6 timmar tidigare och fick en f\u00e5ngst p\u00e5 11 000 kilo m\u00f6rt och braxen.<\/p>\n<hr \/>\n<p><img loading=\"lazy\" decoding=\"async\" class=\"aligncenter wp-image-28\" src=\"https:\/\/xn--vrdfiske-9za.fi\/wp-content\/uploads\/2017\/09\/Ryssbylahnat-300x198.jpg\" alt=\"v\u00e5rdfiske\" width=\"575\" height=\"380\" srcset=\"https:\/\/xn--vrdfiske-9za.fi\/wp-content\/uploads\/2017\/09\/Ryssbylahnat-300x198.jpg 300w, https:\/\/xn--vrdfiske-9za.fi\/wp-content\/uploads\/2017\/09\/Ryssbylahnat-768x507.jpg 768w, https:\/\/xn--vrdfiske-9za.fi\/wp-content\/uploads\/2017\/09\/Ryssbylahnat.jpg 934w\" sizes=\"auto, (max-width: 575px) 100vw, 575px\" \/><\/p>\n<p>Fr\u00e5n Ryssbysj\u00f6 \u00a0(N\u00e4ssj\u00f6 kommun) \u00e5r 2012 upptog vi en 11 000 kg f\u00e5ngst av stor braxen i eftermiddags dimman. P\u00e5 den v\u00e4nstra bilden t\u00f6ms den f\u00f6rsta b\u00e5ten vid stranden, och p\u00e5 den h\u00f6gre bilden har den \u00e5ttonde och sista b\u00e5ten kommit till stranden n\u00e4sta morgon. Foto David Karlsson och Arto Hautala.<\/p>\n<hr \/>\n<p><img loading=\"lazy\" decoding=\"async\" class=\"aligncenter wp-image-49\" src=\"https:\/\/xn--vrdfiske-9za.fi\/wp-content\/uploads\/2017\/09\/IMGP8655-300x199.jpg\" alt=\"v\u00e5rdfiske\" width=\"537\" height=\"356\" srcset=\"https:\/\/xn--vrdfiske-9za.fi\/wp-content\/uploads\/2017\/09\/IMGP8655-300x199.jpg 300w, https:\/\/xn--vrdfiske-9za.fi\/wp-content\/uploads\/2017\/09\/IMGP8655-768x510.jpg 768w, https:\/\/xn--vrdfiske-9za.fi\/wp-content\/uploads\/2017\/09\/IMGP8655-1024x680.jpg 1024w\" sizes=\"auto, (max-width: 537px) 100vw, 537px\" \/><\/p>\n<p>Solen b\u00f6rjar l\u00e5ngsamt stiga efter frostnatten p\u00e5 norska Tunevannet i\u00a0oktober 2011. Morgonens f\u00e5ngst p\u00e5 2500 kg v\u00e4ntar redan p\u00e5 h\u00e4mtning.<\/p>\n<hr \/>\n<p><img loading=\"lazy\" decoding=\"async\" class=\"aligncenter wp-image-35\" src=\"https:\/\/xn--vrdfiske-9za.fi\/wp-content\/uploads\/2017\/09\/105_0596-225x300.jpg\" alt=\"v\u00e5rdfiske\" width=\"383\" height=\"511\" srcset=\"https:\/\/xn--vrdfiske-9za.fi\/wp-content\/uploads\/2017\/09\/105_0596-225x300.jpg 225w, https:\/\/xn--vrdfiske-9za.fi\/wp-content\/uploads\/2017\/09\/105_0596-768x1024.jpg 768w, https:\/\/xn--vrdfiske-9za.fi\/wp-content\/uploads\/2017\/09\/105_0596.jpg 1200w\" sizes=\"auto, (max-width: 383px) 100vw, 383px\" \/><\/p>\n<p><img loading=\"lazy\" decoding=\"async\" class=\"aligncenter wp-image-34\" src=\"https:\/\/xn--vrdfiske-9za.fi\/wp-content\/uploads\/2017\/09\/105_0593-300x225.jpg\" alt=\"v\u00e5rdfiske\" width=\"476\" height=\"357\" srcset=\"https:\/\/xn--vrdfiske-9za.fi\/wp-content\/uploads\/2017\/09\/105_0593-300x225.jpg 300w, https:\/\/xn--vrdfiske-9za.fi\/wp-content\/uploads\/2017\/09\/105_0593-768x576.jpg 768w, https:\/\/xn--vrdfiske-9za.fi\/wp-content\/uploads\/2017\/09\/105_0593-1024x768.jpg 1024w, https:\/\/xn--vrdfiske-9za.fi\/wp-content\/uploads\/2017\/09\/105_0593-1200x900.jpg 1200w, https:\/\/xn--vrdfiske-9za.fi\/wp-content\/uploads\/2017\/09\/105_0593.jpg 1600w\" sizes=\"auto, (max-width: 476px) 100vw, 476px\" \/><\/p>\n<p>Testfiske med not vid Ulemiste sj\u00f6n i Estland under v\u00e5ren 2003. Fisket genomf\u00f6rdes tillsammans med personal fr\u00e5n Finlands milj\u00f6institut, Tallinna Vatten OU och University of Tartu. Storleksf\u00f6rdelning av g\u00f6s m\u00e4ts fr\u00e5n f\u00e5ngsten (dom var stora!), och efter m\u00e4tningen fick g\u00f6sen \u00e5terv\u00e4nda till sj\u00f6n.<\/p>\n<hr \/>\n<p>&nbsp;<\/p>\n<p><img loading=\"lazy\" decoding=\"async\" class=\"aligncenter wp-image-32\" src=\"https:\/\/xn--vrdfiske-9za.fi\/wp-content\/uploads\/2017\/09\/p1010335-225x300.jpg\" alt=\"v\u00e5rdfiske\" width=\"410\" height=\"547\" srcset=\"https:\/\/xn--vrdfiske-9za.fi\/wp-content\/uploads\/2017\/09\/p1010335-225x300.jpg 225w, https:\/\/xn--vrdfiske-9za.fi\/wp-content\/uploads\/2017\/09\/p1010335-768x1024.jpg 768w, https:\/\/xn--vrdfiske-9za.fi\/wp-content\/uploads\/2017\/09\/p1010335-1200x1600.jpg 1200w, https:\/\/xn--vrdfiske-9za.fi\/wp-content\/uploads\/2017\/09\/p1010335.jpg 1704w\" sizes=\"auto, (max-width: 410px) 100vw, 410px\" \/><\/p>\n<p style=\"text-align: center;\">Fisket med bottengarn i Finjasj\u00f6n p\u00e5 v\u00e5ren 2014. Det var tillsammans 30 bottengarn i sj\u00f6n. Foto Bertil P\u00e5hlsson.<\/p>\n<hr \/>\n<p><img loading=\"lazy\" decoding=\"async\" class=\"aligncenter wp-image-26\" src=\"https:\/\/xn--vrdfiske-9za.fi\/wp-content\/uploads\/2017\/09\/102_0254-300x225.jpg\" alt=\"v\u00e5rdfiske\" width=\"572\" height=\"429\" srcset=\"https:\/\/xn--vrdfiske-9za.fi\/wp-content\/uploads\/2017\/09\/102_0254-300x225.jpg 300w, https:\/\/xn--vrdfiske-9za.fi\/wp-content\/uploads\/2017\/09\/102_0254.jpg 640w\" sizes=\"auto, (max-width: 572px) 100vw, 572px\" \/><\/p>\n<p style=\"text-align: center;\">N\u00e5gra ton f\u00e5ngst av stor braxen fr\u00e5n Ulemistej\u00e4rvi i Estland p\u00e5 h\u00f6sten 2005. Notdraget gordes i m\u00f6rkret p\u00e5 natten. Luften \u00e4r kall och den vattenvarma fisken \u00e5ngar.<\/p>\n<hr \/>\n<h3>Till slut n\u00e5gra videoklipp<\/h3>\n<p>N\u00e4r fisket \u00e4r tekniskt l\u00e4tt.. (och fysiskt h\u00e5rd).. En video fr\u00e5n Karvianj\u00e4rvi \u00a0p\u00e5 h\u00f6sten 2009, d\u00e5 f\u00e5ngsten av testfisket med tre notdrag blev 40,5 ton vitfisk. \u00a0I den b\u00e4sta draget, blev f\u00e5ngsten 20 ton. Alla talar bara finska p\u00e5 videon, men hoppas att ni f\u00e5r en rimlig uppfattning av fisket..<\/p>\n<p><a href=\"https:\/\/www.youtube.com\/watch?v=8f8NDyHLX4I\">https:\/\/www.youtube.com\/watch?v=8f8NDyHLX4I<\/a><\/p>\n<hr \/>\n<p>Och sen en videoklipp av ekolodning i Karvianj\u00e4rvi 6 \u00e5r senare. Ni kan se at det finns mycket vitfisk kvar i samma fiskeomr\u00e5det. Hela 40 hektar p\u00e5 3-6 m djup, \u00e4r omr\u00e5det fullt av (100 ton?) fisk!<\/p>\n<p><a href=\"https:\/\/youtu.be\/F4Fi-FQ3zHU\">https:\/\/youtu.be\/F4Fi-FQ3zHU<\/a><\/p>\n<hr \/>\n<p>Mycket stor braxen i den h\u00e4r video! Den \u00e4r filmad i Finjasj\u00f6n p\u00e5 v\u00e5ren 2014 och den handlar fiske med bottengar. Film av Bertil P\u00e5hlsson, med i fisket var Aulis Kiiskil\u00e4, Arto Hautala och Claes Albrechtsson.<\/p>\n<p><a href=\"https:\/\/www.youtube.com\/watch?v=p1nzHw7JrMU\">https:\/\/www.youtube.com\/watch?v=p1nzHw7JrMU<\/a><\/p>\n<hr \/>\n<p>Och slutligen en video av fisket med en dansk not p\u00e5 Peipsi sj\u00f6n i Estland p\u00e5 sommaren 2006. Denna danska not \u00e4r faktiskt n\u00e5gon slags av bottentr\u00e5l. Detta var ett testfiske, best\u00e4llt av Tartu Universitet, \u00a0och vi var bara \u00e5sk\u00e5dare och p\u00e5 semester&#8230; P\u00e5 morgonen regnade det tungt och v\u00e5r tr\u00e4fiskeb\u00e5t var genombl\u00f6tt p\u00e5 d\u00e4cket och i kajutan. \u00c4nd\u00e5 fick v\u00e5r skeppare fina b\u00f6ter fr\u00e5n gr\u00e4nsvakten eftersom det inte fanns n\u00e5gon brandsl\u00e4ckare p\u00e5 b\u00e5ten!<\/p>\n<p><a href=\"https:\/\/youtu.be\/OSO0jJchw78\">https:\/\/youtu.be\/OSO0jJchw78<\/a><\/p>\n<p>&nbsp;<\/p>\n","protected":false},"excerpt":{"rendered":"<p>Unga fiskare 1995. N\u00e4r v\u00e5r arbete inom v\u00e5rdfisket var i b\u00f6rjan, var f\u00e5ngsten d\u00e5, ungef\u00e4r 100 000 kg. \u00a0Aulis Kiiskil\u00e4 till v\u00e4nster, Arto Hautala till h\u00f6ger. Pressfoto. 20 \u00e5r och 3 miljon vitfisk -kilo senare i Finjasj\u00f6n \u00e5r 2015. Aulis till v\u00e4nster, i mitten v\u00e5r fiskev\u00e4n Claes Albrechtsson fr\u00e5n H\u00e4ssleholm, Arto till h\u00f6ger. Foto Bertil [&hellip;]<\/p>\n","protected":false},"author":1,"featured_media":0,"parent":0,"menu_order":0,"comment_status":"closed","ping_status":"closed","template":"","meta":{"_genesis_hide_title":false,"_genesis_hide_breadcrumbs":false,"_genesis_hide_singular_image":false,"_genesis_hide_footer_widgets":false,"_genesis_custom_body_class":"","_genesis_custom_post_class":"","_genesis_layout":"full-width-content","footnotes":""},"class_list":{"0":"post-25","1":"page","2":"type-page","3":"status-publish","5":"entry"},"yoast_head":"<!-- This site is optimized with the Yoast SEO plugin v27.3 - https:\/\/yoast.com\/product\/yoast-seo-wordpress\/ -->\n<title>Foto och Video - V\u00c5RDFISKE.fi<\/title>\n<meta name=\"robots\" content=\"index, follow, max-snippet:-1, max-image-preview:large, max-video-preview:-1\" \/>\n<link rel=\"canonical\" href=\"https:\/\/xn--vrdfiske-9za.fi\/?page_id=25\" \/>\n<meta property=\"og:locale\" content=\"fi_FI\" \/>\n<meta property=\"og:type\" content=\"article\" \/>\n<meta property=\"og:title\" content=\"Foto och Video - V\u00c5RDFISKE.fi\" \/>\n<meta property=\"og:description\" content=\"Unga fiskare 1995. N\u00e4r v\u00e5r arbete inom v\u00e5rdfisket var i b\u00f6rjan, var f\u00e5ngsten d\u00e5, ungef\u00e4r 100 000 kg. \u00a0Aulis Kiiskil\u00e4 till v\u00e4nster, Arto Hautala till h\u00f6ger. Pressfoto. 20 \u00e5r och 3 miljon vitfisk -kilo senare i Finjasj\u00f6n \u00e5r 2015. Aulis till v\u00e4nster, i mitten v\u00e5r fiskev\u00e4n Claes Albrechtsson fr\u00e5n H\u00e4ssleholm, Arto till h\u00f6ger. Foto Bertil [&hellip;]\" \/>\n<meta property=\"og:url\" content=\"https:\/\/xn--vrdfiske-9za.fi\/?page_id=25\" \/>\n<meta property=\"og:site_name\" content=\"V\u00c5RDFISKE.fi\" \/>\n<meta property=\"article:modified_time\" content=\"2021-04-01T14:17:42+00:00\" \/>\n<meta property=\"og:image\" content=\"http:\/\/xn--vrdfiske-9za.fi\/wp-content\/uploads\/2017\/09\/Aulis_Arto_1995_3-300x202.jpg\" \/>\n<meta name=\"twitter:card\" content=\"summary_large_image\" \/>\n<meta name=\"twitter:label1\" content=\"Arvioitu lukuaika\" \/>\n\t<meta name=\"twitter:data1\" content=\"5 minuuttia\" \/>\n<script type=\"application\/ld+json\" class=\"yoast-schema-graph\">{\"@context\":\"https:\\\/\\\/schema.org\",\"@graph\":[{\"@type\":\"WebPage\",\"@id\":\"https:\\\/\\\/xn--vrdfiske-9za.fi\\\/?page_id=25\",\"url\":\"https:\\\/\\\/xn--vrdfiske-9za.fi\\\/?page_id=25\",\"name\":\"Foto och Video - V\u00c5RDFISKE.fi\",\"isPartOf\":{\"@id\":\"https:\\\/\\\/xn--vrdfiske-9za.fi\\\/#website\"},\"primaryImageOfPage\":{\"@id\":\"https:\\\/\\\/xn--vrdfiske-9za.fi\\\/?page_id=25#primaryimage\"},\"image\":{\"@id\":\"https:\\\/\\\/xn--vrdfiske-9za.fi\\\/?page_id=25#primaryimage\"},\"thumbnailUrl\":\"http:\\\/\\\/xn--vrdfiske-9za.fi\\\/wp-content\\\/uploads\\\/2017\\\/09\\\/Aulis_Arto_1995_3-300x202.jpg\",\"datePublished\":\"2017-09-10T14:44:32+00:00\",\"dateModified\":\"2021-04-01T14:17:42+00:00\",\"breadcrumb\":{\"@id\":\"https:\\\/\\\/xn--vrdfiske-9za.fi\\\/?page_id=25#breadcrumb\"},\"inLanguage\":\"fi\",\"potentialAction\":[{\"@type\":\"ReadAction\",\"target\":[\"https:\\\/\\\/xn--vrdfiske-9za.fi\\\/?page_id=25\"]}]},{\"@type\":\"ImageObject\",\"inLanguage\":\"fi\",\"@id\":\"https:\\\/\\\/xn--vrdfiske-9za.fi\\\/?page_id=25#primaryimage\",\"url\":\"http:\\\/\\\/xn--vrdfiske-9za.fi\\\/wp-content\\\/uploads\\\/2017\\\/09\\\/Aulis_Arto_1995_3-300x202.jpg\",\"contentUrl\":\"http:\\\/\\\/xn--vrdfiske-9za.fi\\\/wp-content\\\/uploads\\\/2017\\\/09\\\/Aulis_Arto_1995_3-300x202.jpg\"},{\"@type\":\"BreadcrumbList\",\"@id\":\"https:\\\/\\\/xn--vrdfiske-9za.fi\\\/?page_id=25#breadcrumb\",\"itemListElement\":[{\"@type\":\"ListItem\",\"position\":1,\"name\":\"Home\",\"item\":\"https:\\\/\\\/xn--vrdfiske-9za.fi\\\/\"},{\"@type\":\"ListItem\",\"position\":2,\"name\":\"Foto och Video\"}]},{\"@type\":\"WebSite\",\"@id\":\"https:\\\/\\\/xn--vrdfiske-9za.fi\\\/#website\",\"url\":\"https:\\\/\\\/xn--vrdfiske-9za.fi\\\/\",\"name\":\"V\u00c5RDFISKE.fi\",\"description\":\"Professionella tj\u00e4nster inom v\u00e5rdfisket\",\"publisher\":{\"@id\":\"https:\\\/\\\/xn--vrdfiske-9za.fi\\\/#organization\"},\"potentialAction\":[{\"@type\":\"SearchAction\",\"target\":{\"@type\":\"EntryPoint\",\"urlTemplate\":\"https:\\\/\\\/xn--vrdfiske-9za.fi\\\/?s={search_term_string}\"},\"query-input\":{\"@type\":\"PropertyValueSpecification\",\"valueRequired\":true,\"valueName\":\"search_term_string\"}}],\"inLanguage\":\"fi\"},{\"@type\":\"Organization\",\"@id\":\"https:\\\/\\\/xn--vrdfiske-9za.fi\\\/#organization\",\"name\":\"V\u00c5RDFISKE.fi\",\"url\":\"https:\\\/\\\/xn--vrdfiske-9za.fi\\\/\",\"logo\":{\"@type\":\"ImageObject\",\"inLanguage\":\"fi\",\"@id\":\"https:\\\/\\\/xn--vrdfiske-9za.fi\\\/#\\\/schema\\\/logo\\\/image\\\/\",\"url\":\"https:\\\/\\\/xn--vrdfiske-9za.fi\\\/wp-content\\\/uploads\\\/2017\\\/09\\\/KolmeKalastajaa-1024x680.jpg\",\"contentUrl\":\"https:\\\/\\\/xn--vrdfiske-9za.fi\\\/wp-content\\\/uploads\\\/2017\\\/09\\\/KolmeKalastajaa-1024x680.jpg\",\"width\":1024,\"height\":680,\"caption\":\"V\u00c5RDFISKE.fi\"},\"image\":{\"@id\":\"https:\\\/\\\/xn--vrdfiske-9za.fi\\\/#\\\/schema\\\/logo\\\/image\\\/\"},\"sameAs\":[\"https:\\\/\\\/www.youtube.com\\\/channel\\\/UCjuN-SALAoze5zYd4I9M_Qw\"]}]}<\/script>\n<!-- \/ Yoast SEO plugin. -->","yoast_head_json":{"title":"Foto och Video - V\u00c5RDFISKE.fi","robots":{"index":"index","follow":"follow","max-snippet":"max-snippet:-1","max-image-preview":"max-image-preview:large","max-video-preview":"max-video-preview:-1"},"canonical":"https:\/\/xn--vrdfiske-9za.fi\/?page_id=25","og_locale":"fi_FI","og_type":"article","og_title":"Foto och Video - V\u00c5RDFISKE.fi","og_description":"Unga fiskare 1995. N\u00e4r v\u00e5r arbete inom v\u00e5rdfisket var i b\u00f6rjan, var f\u00e5ngsten d\u00e5, ungef\u00e4r 100 000 kg. \u00a0Aulis Kiiskil\u00e4 till v\u00e4nster, Arto Hautala till h\u00f6ger. Pressfoto. 20 \u00e5r och 3 miljon vitfisk -kilo senare i Finjasj\u00f6n \u00e5r 2015. Aulis till v\u00e4nster, i mitten v\u00e5r fiskev\u00e4n Claes Albrechtsson fr\u00e5n H\u00e4ssleholm, Arto till h\u00f6ger. Foto Bertil [&hellip;]","og_url":"https:\/\/xn--vrdfiske-9za.fi\/?page_id=25","og_site_name":"V\u00c5RDFISKE.fi","article_modified_time":"2021-04-01T14:17:42+00:00","og_image":[{"url":"http:\/\/xn--vrdfiske-9za.fi\/wp-content\/uploads\/2017\/09\/Aulis_Arto_1995_3-300x202.jpg","type":"","width":"","height":""}],"twitter_card":"summary_large_image","twitter_misc":{"Arvioitu lukuaika":"5 minuuttia"},"schema":{"@context":"https:\/\/schema.org","@graph":[{"@type":"WebPage","@id":"https:\/\/xn--vrdfiske-9za.fi\/?page_id=25","url":"https:\/\/xn--vrdfiske-9za.fi\/?page_id=25","name":"Foto och Video - V\u00c5RDFISKE.fi","isPartOf":{"@id":"https:\/\/xn--vrdfiske-9za.fi\/#website"},"primaryImageOfPage":{"@id":"https:\/\/xn--vrdfiske-9za.fi\/?page_id=25#primaryimage"},"image":{"@id":"https:\/\/xn--vrdfiske-9za.fi\/?page_id=25#primaryimage"},"thumbnailUrl":"http:\/\/xn--vrdfiske-9za.fi\/wp-content\/uploads\/2017\/09\/Aulis_Arto_1995_3-300x202.jpg","datePublished":"2017-09-10T14:44:32+00:00","dateModified":"2021-04-01T14:17:42+00:00","breadcrumb":{"@id":"https:\/\/xn--vrdfiske-9za.fi\/?page_id=25#breadcrumb"},"inLanguage":"fi","potentialAction":[{"@type":"ReadAction","target":["https:\/\/xn--vrdfiske-9za.fi\/?page_id=25"]}]},{"@type":"ImageObject","inLanguage":"fi","@id":"https:\/\/xn--vrdfiske-9za.fi\/?page_id=25#primaryimage","url":"http:\/\/xn--vrdfiske-9za.fi\/wp-content\/uploads\/2017\/09\/Aulis_Arto_1995_3-300x202.jpg","contentUrl":"http:\/\/xn--vrdfiske-9za.fi\/wp-content\/uploads\/2017\/09\/Aulis_Arto_1995_3-300x202.jpg"},{"@type":"BreadcrumbList","@id":"https:\/\/xn--vrdfiske-9za.fi\/?page_id=25#breadcrumb","itemListElement":[{"@type":"ListItem","position":1,"name":"Home","item":"https:\/\/xn--vrdfiske-9za.fi\/"},{"@type":"ListItem","position":2,"name":"Foto och Video"}]},{"@type":"WebSite","@id":"https:\/\/xn--vrdfiske-9za.fi\/#website","url":"https:\/\/xn--vrdfiske-9za.fi\/","name":"V\u00c5RDFISKE.fi","description":"Professionella tj\u00e4nster inom v\u00e5rdfisket","publisher":{"@id":"https:\/\/xn--vrdfiske-9za.fi\/#organization"},"potentialAction":[{"@type":"SearchAction","target":{"@type":"EntryPoint","urlTemplate":"https:\/\/xn--vrdfiske-9za.fi\/?s={search_term_string}"},"query-input":{"@type":"PropertyValueSpecification","valueRequired":true,"valueName":"search_term_string"}}],"inLanguage":"fi"},{"@type":"Organization","@id":"https:\/\/xn--vrdfiske-9za.fi\/#organization","name":"V\u00c5RDFISKE.fi","url":"https:\/\/xn--vrdfiske-9za.fi\/","logo":{"@type":"ImageObject","inLanguage":"fi","@id":"https:\/\/xn--vrdfiske-9za.fi\/#\/schema\/logo\/image\/","url":"https:\/\/xn--vrdfiske-9za.fi\/wp-content\/uploads\/2017\/09\/KolmeKalastajaa-1024x680.jpg","contentUrl":"https:\/\/xn--vrdfiske-9za.fi\/wp-content\/uploads\/2017\/09\/KolmeKalastajaa-1024x680.jpg","width":1024,"height":680,"caption":"V\u00c5RDFISKE.fi"},"image":{"@id":"https:\/\/xn--vrdfiske-9za.fi\/#\/schema\/logo\/image\/"},"sameAs":["https:\/\/www.youtube.com\/channel\/UCjuN-SALAoze5zYd4I9M_Qw"]}]}},"_links":{"self":[{"href":"https:\/\/xn--vrdfiske-9za.fi\/index.php?rest_route=\/wp\/v2\/pages\/25","targetHints":{"allow":["GET"]}}],"collection":[{"href":"https:\/\/xn--vrdfiske-9za.fi\/index.php?rest_route=\/wp\/v2\/pages"}],"about":[{"href":"https:\/\/xn--vrdfiske-9za.fi\/index.php?rest_route=\/wp\/v2\/types\/page"}],"author":[{"embeddable":true,"href":"https:\/\/xn--vrdfiske-9za.fi\/index.php?rest_route=\/wp\/v2\/users\/1"}],"replies":[{"embeddable":true,"href":"https:\/\/xn--vrdfiske-9za.fi\/index.php?rest_route=%2Fwp%2Fv2%2Fcomments&post=25"}],"version-history":[{"count":19,"href":"https:\/\/xn--vrdfiske-9za.fi\/index.php?rest_route=\/wp\/v2\/pages\/25\/revisions"}],"predecessor-version":[{"id":256,"href":"https:\/\/xn--vrdfiske-9za.fi\/index.php?rest_route=\/wp\/v2\/pages\/25\/revisions\/256"}],"wp:attachment":[{"href":"https:\/\/xn--vrdfiske-9za.fi\/index.php?rest_route=%2Fwp%2Fv2%2Fmedia&parent=25"}],"curies":[{"name":"wp","href":"https:\/\/api.w.org\/{rel}","templated":true}]}}