{"id":120,"date":"2018-05-30T09:22:43","date_gmt":"2018-05-30T07:22:43","guid":{"rendered":"http:\/\/xn--vrdfiske-9za.fi\/?page_id=120"},"modified":"2021-03-28T19:33:00","modified_gmt":"2021-03-28T17:33:00","slug":"vad-ar-vardfisket","status":"publish","type":"page","link":"https:\/\/xn--vrdfiske-9za.fi\/?page_id=120","title":{"rendered":"Vad \u00e4r v\u00e5rdfisket?"},"content":{"rendered":"<p>V\u00e5rdfiske, utfiskning, reduktionsfiske\u2026 m\u00e5nga namn men dom alla betyder det samma: reducering av karpfisk best\u00e5ndet. Den \u00e4r en kostnadseffektiv metod f\u00f6r att minska algblomstringar och n\u00e4ringshalten och \u00f6ka siktdjupet i \u00f6verg\u00f6dda sj\u00f6ar. Dom mest ber\u00f6mda och st\u00f6rsta svenska sj\u00f6ar som har restaurerats med v\u00e5rdfisket \u00e4r <a href=\"https:\/\/www.hassleholm.se\/bygga-bo-och-miljo\/naturvard\/finjasjon.html\" target=\"_blank\" rel=\"noopener\">Finjasj\u00f6n<\/a> och <a href=\"http:\/\/www.ringsjon.se\/\" target=\"_blank\" rel=\"noopener\">Ringsj\u00f6n<\/a>. Mera information om metod h\u00e4r:\u00a0<a href=\"https:\/\/xn--vrdfiske-9za.fi\/wp-content\/uploads\/2021\/03\/SR3-faktablad.pdf\" target=\"_blank\" rel=\"noopener\">SR3-faktablad<\/a><\/p>\n<p><img loading=\"lazy\" decoding=\"async\" class=\"wp-image-131 aligncenter\" src=\"https:\/\/xn--vrdfiske-9za.fi\/wp-content\/uploads\/2018\/05\/SR3-faktablad_Page_1-1-225x300.jpg\" alt=\"\" width=\"795\" height=\"1060\" srcset=\"https:\/\/xn--vrdfiske-9za.fi\/wp-content\/uploads\/2018\/05\/SR3-faktablad_Page_1-1-225x300.jpg 225w, https:\/\/xn--vrdfiske-9za.fi\/wp-content\/uploads\/2018\/05\/SR3-faktablad_Page_1-1-768x1025.jpg 768w, https:\/\/xn--vrdfiske-9za.fi\/wp-content\/uploads\/2018\/05\/SR3-faktablad_Page_1-1-767x1024.jpg 767w, https:\/\/xn--vrdfiske-9za.fi\/wp-content\/uploads\/2018\/05\/SR3-faktablad_Page_1-1.jpg 951w\" sizes=\"auto, (max-width: 795px) 100vw, 795px\" \/><\/p>\n<p>&nbsp;<\/p>\n<p>&nbsp;<\/p>\n<p><img loading=\"lazy\" decoding=\"async\" class=\" wp-image-135 aligncenter\" src=\"https:\/\/xn--vrdfiske-9za.fi\/wp-content\/uploads\/2018\/05\/SR3-faktablad_Page_2-203x300.jpg\" alt=\"\" width=\"699\" height=\"1033\" srcset=\"https:\/\/xn--vrdfiske-9za.fi\/wp-content\/uploads\/2018\/05\/SR3-faktablad_Page_2-203x300.jpg 203w, https:\/\/xn--vrdfiske-9za.fi\/wp-content\/uploads\/2018\/05\/SR3-faktablad_Page_2-768x1134.jpg 768w, https:\/\/xn--vrdfiske-9za.fi\/wp-content\/uploads\/2018\/05\/SR3-faktablad_Page_2-693x1024.jpg 693w, https:\/\/xn--vrdfiske-9za.fi\/wp-content\/uploads\/2018\/05\/SR3-faktablad_Page_2.jpg 812w\" sizes=\"auto, (max-width: 699px) 100vw, 699px\" \/><\/p>\n<p>&nbsp;<\/p>\n","protected":false},"excerpt":{"rendered":"<p>V\u00e5rdfiske, utfiskning, reduktionsfiske\u2026 m\u00e5nga namn men dom alla betyder det samma: reducering av karpfisk best\u00e5ndet. Den \u00e4r en kostnadseffektiv metod f\u00f6r att minska algblomstringar och n\u00e4ringshalten och \u00f6ka siktdjupet i \u00f6verg\u00f6dda sj\u00f6ar. Dom mest ber\u00f6mda och st\u00f6rsta svenska sj\u00f6ar som har restaurerats med v\u00e5rdfisket \u00e4r Finjasj\u00f6n och Ringsj\u00f6n. Mera information om metod h\u00e4r:\u00a0SR3-faktablad &nbsp; &nbsp; [&hellip;]<\/p>\n","protected":false},"author":1,"featured_media":0,"parent":0,"menu_order":0,"comment_status":"closed","ping_status":"closed","template":"","meta":{"_genesis_hide_title":false,"_genesis_hide_breadcrumbs":false,"_genesis_hide_singular_image":false,"_genesis_hide_footer_widgets":false,"_genesis_custom_body_class":"","_genesis_custom_post_class":"","_genesis_layout":"full-width-content","footnotes":""},"class_list":{"0":"post-120","1":"page","2":"type-page","3":"status-publish","5":"entry"},"yoast_head":"<!-- This site is optimized with the Yoast SEO plugin v27.3 - https:\/\/yoast.com\/product\/yoast-seo-wordpress\/ -->\n<title>Vad \u00e4r v\u00e5rdfisket? - V\u00c5RDFISKE.fi<\/title>\n<meta name=\"robots\" content=\"index, follow, max-snippet:-1, max-image-preview:large, max-video-preview:-1\" \/>\n<link rel=\"canonical\" href=\"https:\/\/xn--vrdfiske-9za.fi\/?page_id=120\" \/>\n<meta property=\"og:locale\" content=\"fi_FI\" \/>\n<meta property=\"og:type\" content=\"article\" \/>\n<meta property=\"og:title\" content=\"Vad \u00e4r v\u00e5rdfisket? - V\u00c5RDFISKE.fi\" \/>\n<meta property=\"og:description\" content=\"V\u00e5rdfiske, utfiskning, reduktionsfiske\u2026 m\u00e5nga namn men dom alla betyder det samma: reducering av karpfisk best\u00e5ndet. Den \u00e4r en kostnadseffektiv metod f\u00f6r att minska algblomstringar och n\u00e4ringshalten och \u00f6ka siktdjupet i \u00f6verg\u00f6dda sj\u00f6ar. Dom mest ber\u00f6mda och st\u00f6rsta svenska sj\u00f6ar som har restaurerats med v\u00e5rdfisket \u00e4r Finjasj\u00f6n och Ringsj\u00f6n. Mera information om metod h\u00e4r:\u00a0SR3-faktablad &nbsp; &nbsp; [&hellip;]\" \/>\n<meta property=\"og:url\" content=\"https:\/\/xn--vrdfiske-9za.fi\/?page_id=120\" \/>\n<meta property=\"og:site_name\" content=\"V\u00c5RDFISKE.fi\" \/>\n<meta property=\"article:modified_time\" content=\"2021-03-28T17:33:00+00:00\" \/>\n<meta property=\"og:image\" content=\"http:\/\/xn--vrdfiske-9za.fi\/wp-content\/uploads\/2018\/05\/SR3-faktablad_Page_1-1-225x300.jpg\" \/>\n<meta name=\"twitter:card\" content=\"summary_large_image\" \/>\n<meta name=\"twitter:label1\" content=\"Arvioitu lukuaika\" \/>\n\t<meta name=\"twitter:data1\" content=\"1 minuutti\" \/>\n<script type=\"application\/ld+json\" class=\"yoast-schema-graph\">{\"@context\":\"https:\\\/\\\/schema.org\",\"@graph\":[{\"@type\":\"WebPage\",\"@id\":\"https:\\\/\\\/xn--vrdfiske-9za.fi\\\/?page_id=120\",\"url\":\"https:\\\/\\\/xn--vrdfiske-9za.fi\\\/?page_id=120\",\"name\":\"Vad \u00e4r v\u00e5rdfisket? - V\u00c5RDFISKE.fi\",\"isPartOf\":{\"@id\":\"https:\\\/\\\/xn--vrdfiske-9za.fi\\\/#website\"},\"primaryImageOfPage\":{\"@id\":\"https:\\\/\\\/xn--vrdfiske-9za.fi\\\/?page_id=120#primaryimage\"},\"image\":{\"@id\":\"https:\\\/\\\/xn--vrdfiske-9za.fi\\\/?page_id=120#primaryimage\"},\"thumbnailUrl\":\"http:\\\/\\\/xn--vrdfiske-9za.fi\\\/wp-content\\\/uploads\\\/2018\\\/05\\\/SR3-faktablad_Page_1-1-225x300.jpg\",\"datePublished\":\"2018-05-30T07:22:43+00:00\",\"dateModified\":\"2021-03-28T17:33:00+00:00\",\"breadcrumb\":{\"@id\":\"https:\\\/\\\/xn--vrdfiske-9za.fi\\\/?page_id=120#breadcrumb\"},\"inLanguage\":\"fi\",\"potentialAction\":[{\"@type\":\"ReadAction\",\"target\":[\"https:\\\/\\\/xn--vrdfiske-9za.fi\\\/?page_id=120\"]}]},{\"@type\":\"ImageObject\",\"inLanguage\":\"fi\",\"@id\":\"https:\\\/\\\/xn--vrdfiske-9za.fi\\\/?page_id=120#primaryimage\",\"url\":\"http:\\\/\\\/xn--vrdfiske-9za.fi\\\/wp-content\\\/uploads\\\/2018\\\/05\\\/SR3-faktablad_Page_1-1-225x300.jpg\",\"contentUrl\":\"http:\\\/\\\/xn--vrdfiske-9za.fi\\\/wp-content\\\/uploads\\\/2018\\\/05\\\/SR3-faktablad_Page_1-1-225x300.jpg\"},{\"@type\":\"BreadcrumbList\",\"@id\":\"https:\\\/\\\/xn--vrdfiske-9za.fi\\\/?page_id=120#breadcrumb\",\"itemListElement\":[{\"@type\":\"ListItem\",\"position\":1,\"name\":\"Home\",\"item\":\"https:\\\/\\\/xn--vrdfiske-9za.fi\\\/\"},{\"@type\":\"ListItem\",\"position\":2,\"name\":\"Vad \u00e4r v\u00e5rdfisket?\"}]},{\"@type\":\"WebSite\",\"@id\":\"https:\\\/\\\/xn--vrdfiske-9za.fi\\\/#website\",\"url\":\"https:\\\/\\\/xn--vrdfiske-9za.fi\\\/\",\"name\":\"V\u00c5RDFISKE.fi\",\"description\":\"Professionella tj\u00e4nster inom v\u00e5rdfisket\",\"publisher\":{\"@id\":\"https:\\\/\\\/xn--vrdfiske-9za.fi\\\/#organization\"},\"potentialAction\":[{\"@type\":\"SearchAction\",\"target\":{\"@type\":\"EntryPoint\",\"urlTemplate\":\"https:\\\/\\\/xn--vrdfiske-9za.fi\\\/?s={search_term_string}\"},\"query-input\":{\"@type\":\"PropertyValueSpecification\",\"valueRequired\":true,\"valueName\":\"search_term_string\"}}],\"inLanguage\":\"fi\"},{\"@type\":\"Organization\",\"@id\":\"https:\\\/\\\/xn--vrdfiske-9za.fi\\\/#organization\",\"name\":\"V\u00c5RDFISKE.fi\",\"url\":\"https:\\\/\\\/xn--vrdfiske-9za.fi\\\/\",\"logo\":{\"@type\":\"ImageObject\",\"inLanguage\":\"fi\",\"@id\":\"https:\\\/\\\/xn--vrdfiske-9za.fi\\\/#\\\/schema\\\/logo\\\/image\\\/\",\"url\":\"https:\\\/\\\/xn--vrdfiske-9za.fi\\\/wp-content\\\/uploads\\\/2017\\\/09\\\/KolmeKalastajaa-1024x680.jpg\",\"contentUrl\":\"https:\\\/\\\/xn--vrdfiske-9za.fi\\\/wp-content\\\/uploads\\\/2017\\\/09\\\/KolmeKalastajaa-1024x680.jpg\",\"width\":1024,\"height\":680,\"caption\":\"V\u00c5RDFISKE.fi\"},\"image\":{\"@id\":\"https:\\\/\\\/xn--vrdfiske-9za.fi\\\/#\\\/schema\\\/logo\\\/image\\\/\"},\"sameAs\":[\"https:\\\/\\\/www.youtube.com\\\/channel\\\/UCjuN-SALAoze5zYd4I9M_Qw\"]}]}<\/script>\n<!-- \/ Yoast SEO plugin. -->","yoast_head_json":{"title":"Vad \u00e4r v\u00e5rdfisket? - V\u00c5RDFISKE.fi","robots":{"index":"index","follow":"follow","max-snippet":"max-snippet:-1","max-image-preview":"max-image-preview:large","max-video-preview":"max-video-preview:-1"},"canonical":"https:\/\/xn--vrdfiske-9za.fi\/?page_id=120","og_locale":"fi_FI","og_type":"article","og_title":"Vad \u00e4r v\u00e5rdfisket? - V\u00c5RDFISKE.fi","og_description":"V\u00e5rdfiske, utfiskning, reduktionsfiske\u2026 m\u00e5nga namn men dom alla betyder det samma: reducering av karpfisk best\u00e5ndet. Den \u00e4r en kostnadseffektiv metod f\u00f6r att minska algblomstringar och n\u00e4ringshalten och \u00f6ka siktdjupet i \u00f6verg\u00f6dda sj\u00f6ar. Dom mest ber\u00f6mda och st\u00f6rsta svenska sj\u00f6ar som har restaurerats med v\u00e5rdfisket \u00e4r Finjasj\u00f6n och Ringsj\u00f6n. Mera information om metod h\u00e4r:\u00a0SR3-faktablad &nbsp; &nbsp; [&hellip;]","og_url":"https:\/\/xn--vrdfiske-9za.fi\/?page_id=120","og_site_name":"V\u00c5RDFISKE.fi","article_modified_time":"2021-03-28T17:33:00+00:00","og_image":[{"url":"http:\/\/xn--vrdfiske-9za.fi\/wp-content\/uploads\/2018\/05\/SR3-faktablad_Page_1-1-225x300.jpg","type":"","width":"","height":""}],"twitter_card":"summary_large_image","twitter_misc":{"Arvioitu lukuaika":"1 minuutti"},"schema":{"@context":"https:\/\/schema.org","@graph":[{"@type":"WebPage","@id":"https:\/\/xn--vrdfiske-9za.fi\/?page_id=120","url":"https:\/\/xn--vrdfiske-9za.fi\/?page_id=120","name":"Vad \u00e4r v\u00e5rdfisket? - V\u00c5RDFISKE.fi","isPartOf":{"@id":"https:\/\/xn--vrdfiske-9za.fi\/#website"},"primaryImageOfPage":{"@id":"https:\/\/xn--vrdfiske-9za.fi\/?page_id=120#primaryimage"},"image":{"@id":"https:\/\/xn--vrdfiske-9za.fi\/?page_id=120#primaryimage"},"thumbnailUrl":"http:\/\/xn--vrdfiske-9za.fi\/wp-content\/uploads\/2018\/05\/SR3-faktablad_Page_1-1-225x300.jpg","datePublished":"2018-05-30T07:22:43+00:00","dateModified":"2021-03-28T17:33:00+00:00","breadcrumb":{"@id":"https:\/\/xn--vrdfiske-9za.fi\/?page_id=120#breadcrumb"},"inLanguage":"fi","potentialAction":[{"@type":"ReadAction","target":["https:\/\/xn--vrdfiske-9za.fi\/?page_id=120"]}]},{"@type":"ImageObject","inLanguage":"fi","@id":"https:\/\/xn--vrdfiske-9za.fi\/?page_id=120#primaryimage","url":"http:\/\/xn--vrdfiske-9za.fi\/wp-content\/uploads\/2018\/05\/SR3-faktablad_Page_1-1-225x300.jpg","contentUrl":"http:\/\/xn--vrdfiske-9za.fi\/wp-content\/uploads\/2018\/05\/SR3-faktablad_Page_1-1-225x300.jpg"},{"@type":"BreadcrumbList","@id":"https:\/\/xn--vrdfiske-9za.fi\/?page_id=120#breadcrumb","itemListElement":[{"@type":"ListItem","position":1,"name":"Home","item":"https:\/\/xn--vrdfiske-9za.fi\/"},{"@type":"ListItem","position":2,"name":"Vad \u00e4r v\u00e5rdfisket?"}]},{"@type":"WebSite","@id":"https:\/\/xn--vrdfiske-9za.fi\/#website","url":"https:\/\/xn--vrdfiske-9za.fi\/","name":"V\u00c5RDFISKE.fi","description":"Professionella tj\u00e4nster inom v\u00e5rdfisket","publisher":{"@id":"https:\/\/xn--vrdfiske-9za.fi\/#organization"},"potentialAction":[{"@type":"SearchAction","target":{"@type":"EntryPoint","urlTemplate":"https:\/\/xn--vrdfiske-9za.fi\/?s={search_term_string}"},"query-input":{"@type":"PropertyValueSpecification","valueRequired":true,"valueName":"search_term_string"}}],"inLanguage":"fi"},{"@type":"Organization","@id":"https:\/\/xn--vrdfiske-9za.fi\/#organization","name":"V\u00c5RDFISKE.fi","url":"https:\/\/xn--vrdfiske-9za.fi\/","logo":{"@type":"ImageObject","inLanguage":"fi","@id":"https:\/\/xn--vrdfiske-9za.fi\/#\/schema\/logo\/image\/","url":"https:\/\/xn--vrdfiske-9za.fi\/wp-content\/uploads\/2017\/09\/KolmeKalastajaa-1024x680.jpg","contentUrl":"https:\/\/xn--vrdfiske-9za.fi\/wp-content\/uploads\/2017\/09\/KolmeKalastajaa-1024x680.jpg","width":1024,"height":680,"caption":"V\u00c5RDFISKE.fi"},"image":{"@id":"https:\/\/xn--vrdfiske-9za.fi\/#\/schema\/logo\/image\/"},"sameAs":["https:\/\/www.youtube.com\/channel\/UCjuN-SALAoze5zYd4I9M_Qw"]}]}},"_links":{"self":[{"href":"https:\/\/xn--vrdfiske-9za.fi\/index.php?rest_route=\/wp\/v2\/pages\/120","targetHints":{"allow":["GET"]}}],"collection":[{"href":"https:\/\/xn--vrdfiske-9za.fi\/index.php?rest_route=\/wp\/v2\/pages"}],"about":[{"href":"https:\/\/xn--vrdfiske-9za.fi\/index.php?rest_route=\/wp\/v2\/types\/page"}],"author":[{"embeddable":true,"href":"https:\/\/xn--vrdfiske-9za.fi\/index.php?rest_route=\/wp\/v2\/users\/1"}],"replies":[{"embeddable":true,"href":"https:\/\/xn--vrdfiske-9za.fi\/index.php?rest_route=%2Fwp%2Fv2%2Fcomments&post=120"}],"version-history":[{"count":18,"href":"https:\/\/xn--vrdfiske-9za.fi\/index.php?rest_route=\/wp\/v2\/pages\/120\/revisions"}],"predecessor-version":[{"id":263,"href":"https:\/\/xn--vrdfiske-9za.fi\/index.php?rest_route=\/wp\/v2\/pages\/120\/revisions\/263"}],"wp:attachment":[{"href":"https:\/\/xn--vrdfiske-9za.fi\/index.php?rest_route=%2Fwp%2Fv2%2Fmedia&parent=120"}],"curies":[{"name":"wp","href":"https:\/\/api.w.org\/{rel}","templated":true}]}}